{"id":11236,"date":"2021-10-10T22:26:00","date_gmt":"2021-10-10T22:26:00","guid":{"rendered":"https:\/\/www.pixeldino.de\/?page_id=11236"},"modified":"2021-10-10T22:26:00","modified_gmt":"2021-10-10T22:26:00","slug":"amazon-partnerprogramm","status":"publish","type":"page","link":"https:\/\/www.pixeldino.de\/?page_id=11236","title":{"rendered":"Amazon Partnerprogramm"},"content":{"rendered":"\n<p>Amazon \u2013 Partnerprogramm<br>Wir sind Teilnehmer des Partnerprogramms von Amazon Europe S.\u00e0 r.l. und Partner des Werbeprogramms,<br>das zur Bereitstellung eines Mediums f\u00fcr Websites konzipiert wurde, mittels dessen durch die<br>Platzierung von Werbeanzeigen und Links zu Amazon.de Werbekostenerstattung verdient werden kann.<br>Sollten Sie an einem Produkt auf unserer Webseite interessiert sein,<br>werden Sie an Amazon.de weitergeleitet.<br>Dort wird der Bestellvorgang fortgesetzt, ab diesem Zeitpunkt gelten die AGB\u2019s,<br>das Wiederrufsrecht und die sonstigen Kundenrechte von Amazon.de.<\/p>\n\n\n\n<p>Auf dieser Website gibt es Links, die als \u201eAffiliate-Links\u201c definiert werden k\u00f6nnen. Dies bedeutet, dass ich m\u00f6glicherweise eine kleine Provision (f\u00fcr Sie kostenlos) erhalte, wenn Sie \u00fcber die auf dieser Website bereitgestellten Links etwas kaufen.<\/p>\n\n\n\n<p>Diese Seite nimmt am Amazon Services LLC-Partnerprogramm teil, einem Partner-Werbeprogramm, mit dem Website-Inhaber Werbegeb\u00fchren verdienen k\u00f6nnen, indem sie Werbung schalten und auf amazon.com, audible.com und jede andere Website verlinken, mit der sie m\u00f6glicherweise verbunden sind Partnerprogramm von Amazon Service LLC.<\/p>\n\n\n\n<p>Wenn Sie hierzu Fragen haben, k\u00f6nnen Sie sich gerne an uns wenden.<\/p>\n","protected":false},"excerpt":{"rendered":"<p>Amazon \u2013 PartnerprogrammWir sind Teilnehmer des Partnerprogramms von Amazon Europe S.\u00e0 r.l. und Partner des Werbeprogramms,das zur Bereitstellung eines Mediums f\u00fcr Websites konzipiert wurde, mittels dessen durch diePlatzierung von Werbeanzeigen und Links zu Amazon.de Werbekostenerstattung verdient werden kann.Sollten Sie an einem Produkt auf unserer Webseite interessiert sein,werden Sie an Amazon.de weitergeleitet.Dort wird der Bestellvorgang fortgesetzt,&hellip;<\/p>\n","protected":false},"author":1,"featured_media":0,"parent":0,"menu_order":0,"comment_status":"closed","ping_status":"closed","template":"","meta":{"rs_blank_template":"","rs_page_bg_color":"","slide_template_v7":"","footnotes":""},"class_list":["post-11236","page","type-page","status-publish","hentry"],"_links":{"self":[{"href":"https:\/\/www.pixeldino.de\/index.php?rest_route=\/wp\/v2\/pages\/11236","targetHints":{"allow":["GET"]}}],"collection":[{"href":"https:\/\/www.pixeldino.de\/index.php?rest_route=\/wp\/v2\/pages"}],"about":[{"href":"https:\/\/www.pixeldino.de\/index.php?rest_route=\/wp\/v2\/types\/page"}],"author":[{"embeddable":true,"href":"https:\/\/www.pixeldino.de\/index.php?rest_route=\/wp\/v2\/users\/1"}],"replies":[{"embeddable":true,"href":"https:\/\/www.pixeldino.de\/index.php?rest_route=%2Fwp%2Fv2%2Fcomments&post=11236"}],"version-history":[{"count":1,"href":"https:\/\/www.pixeldino.de\/index.php?rest_route=\/wp\/v2\/pages\/11236\/revisions"}],"predecessor-version":[{"id":11237,"href":"https:\/\/www.pixeldino.de\/index.php?rest_route=\/wp\/v2\/pages\/11236\/revisions\/11237"}],"wp:attachment":[{"href":"https:\/\/www.pixeldino.de\/index.php?rest_route=%2Fwp%2Fv2%2Fmedia&parent=11236"}],"curies":[{"name":"wp","href":"https:\/\/api.w.org\/{rel}","templated":true}]}}