{"id":16138,"date":"2024-11-18T16:45:40","date_gmt":"2024-11-18T16:45:40","guid":{"rendered":"https:\/\/www.pixeldino.de\/?product=alfred-kolbe-krippen-1331-12-nativity-scene-made-of-wooden-for-10-12-cm-figures-55-x-30-x-29-cm"},"modified":"2026-05-02T08:30:12","modified_gmt":"2026-05-02T08:30:12","slug":"1331-12-weihnachtskrippe-aus-holz-fuer-10-12-cm-figuren-55-x-30-x-29-cm-braun","status":"publish","type":"product","link":"https:\/\/www.pixeldino.de\/?product=1331-12-weihnachtskrippe-aus-holz-fuer-10-12-cm-figuren-55-x-30-x-29-cm-braun","title":{"rendered":"1331\/12 Weihnachtskrippe aus Holz f\u00fcr 10-12 cm Figuren 55 x 30 x 29 cm, Braun"},"content":{"rendered":"<div class=\"woocommerce-product-details\">\n<h3>Produktbeschreibungen<\/h3>\n<p>Weihnachtskrippe aus Holz f\u00fcr 12cm Figuren<\/p>\n<h3>Sicherheits- und Produktressourcen<\/h3>\n<p>Sicherheits- und ProduktressourcenBilder und KontakteSicherheitsbilder und Kontakte Sicherheits- und ProduktressourcenProblem beim Laden der InformationenLeider konnten wir die Informationen aufgrund eines Problems nicht anzeigen. Lade die Seite neu oder versuche es sp\u00e4ter erneut.Bilder und Kontakte Bilder zur Produktsicherheit Herstellerinformationen Verantwortliche Person Problem beim Laden der InformationenLeider konnten wir die Informationen der verantwortlichen Person aufgrund eines Problems nicht anzeigen. Lade die Seite neu oder versuche es sp\u00e4ter erneut.Problem beim Laden der InformationenLeider konnten wir die Herstellerinformationen aufgrund eines Problems nicht anzeigen. Lade die Seite neu oder versuche es sp\u00e4ter erneut.Problem beim Laden der InformationenLeider konnten wir die Bilder zur Produktsicherheit aufgrund eines Problems nicht anzeigen. Lade die Seite neu oder versuche es sp\u00e4ter erneut.<\/p>\n<\/p><\/div>\n","protected":false},"excerpt":{"rendered":"<ul>\n<li> Made in Germany  <\/li>\n<li> handgefertigt mit Liebe zum Detail und vielen Natur-Materialien  <\/li>\n<li> dieser Artikel wurde von uns entworfen und hergestellt  <\/li>\n<li> viele Modelle in verschiedenen Gr\u00f6\u00dfen erh\u00e4ltlich &#8211; kontaktieren Sie uns  <\/li>\n<li> Stall leer ohne Figuren  <\/li>\n<\/ul>\n","protected":false},"featured_media":25073,"comment_status":"open","ping_status":"closed","template":"","meta":{"rs_blank_template":"","rs_page_bg_color":"","slide_template_v7":""},"product_cat":[68],"product_tag":[],"class_list":{"0":"post-16138","1":"product","2":"type-product","3":"status-publish","4":"has-post-thumbnail","6":"product_brand-marke-alfred-kolbe-krippen","7":"product_cat-adventskalender","9":"first","10":"instock","11":"shipping-taxable","12":"purchasable","13":"product-type-simple","14":"col-xs-6 col-sm-4","15":"col-md-3 col-lg-3","16":"un-4-cols"},"_links":{"self":[{"href":"https:\/\/www.pixeldino.de\/index.php?rest_route=\/wp\/v2\/product\/16138","targetHints":{"allow":["GET"]}}],"collection":[{"href":"https:\/\/www.pixeldino.de\/index.php?rest_route=\/wp\/v2\/product"}],"about":[{"href":"https:\/\/www.pixeldino.de\/index.php?rest_route=\/wp\/v2\/types\/product"}],"replies":[{"embeddable":true,"href":"https:\/\/www.pixeldino.de\/index.php?rest_route=%2Fwp%2Fv2%2Fcomments&post=16138"}],"version-history":[{"count":107,"href":"https:\/\/www.pixeldino.de\/index.php?rest_route=\/wp\/v2\/product\/16138\/revisions"}],"predecessor-version":[{"id":23232,"href":"https:\/\/www.pixeldino.de\/index.php?rest_route=\/wp\/v2\/product\/16138\/revisions\/23232"}],"wp:featuredmedia":[{"embeddable":true,"href":"https:\/\/www.pixeldino.de\/index.php?rest_route=\/wp\/v2\/media\/25073"}],"wp:attachment":[{"href":"https:\/\/www.pixeldino.de\/index.php?rest_route=%2Fwp%2Fv2%2Fmedia&parent=16138"}],"wp:term":[{"taxonomy":"product_cat","embeddable":true,"href":"https:\/\/www.pixeldino.de\/index.php?rest_route=%2Fwp%2Fv2%2Fproduct_cat&post=16138"},{"taxonomy":"product_tag","embeddable":true,"href":"https:\/\/www.pixeldino.de\/index.php?rest_route=%2Fwp%2Fv2%2Fproduct_tag&post=16138"}],"curies":[{"name":"wp","href":"https:\/\/api.w.org\/{rel}","templated":true}]}}